{"id":3,"date":"2019-11-18T13:32:33","date_gmt":"2019-11-18T13:32:33","guid":{"rendered":"https:\/\/truthanddare.bar\/?page_id=3"},"modified":"2024-06-05T08:43:14","modified_gmt":"2024-06-05T08:43:14","slug":"privacy-policy","status":"publish","type":"page","link":"https:\/\/www.truthanddare.bar\/index.php\/privacy-policy\/","title":{"rendered":"Impressum &#038; Datenschutz"},"content":{"rendered":"\t\t<div data-elementor-type=\"wp-page\" data-elementor-id=\"3\" class=\"elementor elementor-3\" data-elementor-post-type=\"page\">\n\t\t\t\t\t\t<section class=\"elementor-section elementor-top-section elementor-element elementor-element-5527a069 elementor-section-boxed elementor-section-height-default elementor-section-height-default\" data-id=\"5527a069\" data-element_type=\"section\" data-e-type=\"section\" data-settings=\"{&quot;background_background&quot;:&quot;classic&quot;}\">\n\t\t\t\t\t\t<div class=\"elementor-container elementor-column-gap-default\">\n\t\t\t\t\t<div class=\"elementor-column elementor-col-100 elementor-top-column elementor-element elementor-element-185642ab\" data-id=\"185642ab\" data-element_type=\"column\" data-e-type=\"column\">\n\t\t\t<div class=\"elementor-widget-wrap elementor-element-populated\">\n\t\t\t\t\t\t<div class=\"elementor-element elementor-element-4570bac6 elementor-widget elementor-widget-text-editor\" data-id=\"4570bac6\" data-element_type=\"widget\" data-e-type=\"widget\" data-widget_type=\"text-editor.default\">\n\t\t\t\t<div class=\"elementor-widget-container\">\n\t\t\t\t\t\t\t\t\t\n<h1 class=\"wp-block-heading\">Impressum<\/h1>\n<p>Die Bar Truth and Dare wird betrieben von:<\/p>\n<p>DKDM OG<br \/>Sch\u00f6nlaterngasse 4, 1010 Wien, \u00d6sterreich<br \/>UID ATU74949719<br \/>Kontakt: <a href=\"mailto:drink@truthanddare.bar\" target=\"_blank\" rel=\"noopener\">drink@truthanddare.bar<\/a><\/p>\n<p>Design &amp; Umsetzung: <a href=\"https:\/\/www.thesanmarco.com\" target=\"_blank\" rel=\"noopener\">thesanmarco.com<\/a><\/p>\n<h3>Datenschutz\u00aderkl\u00e4rung<\/h3>\n<p>Der Schutz Ihrer pers\u00f6nlichen Daten ist uns ein besonderes Anliegen. Wir verarbeiten Ihre Daten daher ausschlie\u00dflich auf Grundlage der gesetzlichen Bestimmungen (DSGVO, TKG 2003). In diesen Datenschutzinformationen informieren wir Sie \u00fcber die wichtigsten Aspekte der Datenverarbeitung im Rahmen unserer Website.<\/p>\n<h6>PERS\u00d6NLICHE DATEN<\/h6>\n<p>Pers\u00f6nliche Daten, die Sie auf dieser Website elektronisch \u00fcbermitteln, wie zum Beispiel Name, E-Mail-Adresse, Adresse oder andere pers\u00f6nlichen Angaben, werden von uns nur zum jeweils angegebenen Zweck verwendet, sicher verwahrt und nicht an Dritte weitergegeben. Der Provider erhebt und speichert automatisch Informationen am Webserver wie verwendeter Browser, Betriebssystem, Verweisseite, IP-Adresse, Uhrzeit des Zugriffs usw. Diese Daten k\u00f6nnen ohne Pr\u00fcfung weiterer Datenquellen keinen bestimmten Personen zugeordnet werden und wir werten diese Daten auch nicht weiter aus solange keine rechtswidrige Nutzung unserer Webseite vorliegt.<\/p>\n<h6>KONTAKT MIT UNS<\/h6>\n<p>Wenn Sie per Formular auf der Website oder per E-Mail Kontakt mit uns aufnehmen, werden Ihre angegebenen Daten zwecks Bearbeitung der Anfrage und f\u00fcr den Fall von Anschlussfragen sechs Monate bei uns gespeichert. Diese Daten geben wir nicht ohne Ihre Einwilligung weiter.<\/p>\n<h6>HAFTUNG<\/h6>\n<p>Der Autor dieser Webseiten ist bestrebt, die hier angebotenen Informationen nach bestem Wissen und Gewissen vollst\u00e4ndig und richtig darzustellen und aktuell zu halten. Dennoch kann er keinerlei Haftung f\u00fcr Sch\u00e4den \u00fcbernehmen, die sich aus der Nutzung der angebotenen Informationen ergeben k\u00f6nnen \u2013 auch wenn diese auf die Nutzung von allenfalls unvollst\u00e4ndigen bzw. fehlerhaften Informationen zur\u00fcckzuf\u00fchren sind. Verweise auf fremde Webseiten liegen au\u00dferhalb des Verantwortungsbereiches des Autors. Eine Haftung f\u00fcr die Inhalte von verlinkten Seiten ist ausgeschlossen, zumal der Autor keinen Einfluss auf Inhalte wie Gestaltung von gelinkten Seiten hat. F\u00fcr Inhalte von Seiten, auf welche von Seiten dieser Homepage verwiesen wird, haftet somit allein der Anbieter dieser fremden Webseiten \u2013 niemals jedoch derjenige, der durch einen Link auf fremde Publikationen und Inhalte verweist. Sollten gelinkte Seiten (insbesondere durch Ver\u00e4nderung der Inhalte nach dem Setzen des Links) illegale, fehlerhafte, unvollst\u00e4ndige, beleidigende oder sittenwidrige Informationen beinhalten und wird der Autor dieser Seite auf derartige Inhalte von gelinkten Seiten aufmerksam (gemacht), so wird er einen Link auf derartige Seiten unverz\u00fcglich unterbinden.<\/p>\n<h6>URHEBERRECHT<\/h6>\n<p>Der Inhalt der vom Autor selbst erstellten Inhalte dieser Seiten ist urheberrechtlich gesch\u00fctzt. Jede den Bestimmungen des Urheberrechtsgesetzes widersprechende Verwendung jeglicher Inhalte dieser Webseiten \u2013 insbesondere die weitergehende Nutzung wie beispielsweise die Ver\u00f6ffentlichung, Vervielf\u00e4ltigung und jede Form von gewerblicher Nutzung sowie die Weitergabe an Dritte \u2013 auch in Teilen oder in \u00fcberarbeiteter Form \u2013 ohne ausdr\u00fcckliche Zustimmung des Autors ist untersagt. Davon ausgenommen sind ausdr\u00fccklich zum Download gekennzeichnete Dateien.<\/p>\n<h6>INFORMATIONSGEHALT<\/h6>\n<p>Die Informationen dieser Webseiten k\u00f6nnen ohne vorherige Ank\u00fcndigung ge\u00e4ndert, entfernt oder erg\u00e4nzt werden. Der Autor kann daher keine Garantie f\u00fcr die Korrektheit, Vollst\u00e4ndigkeit oder Qualit\u00e4t und letzte Aktualit\u00e4t der bereitgestellten Informationen geben.<\/p>\n<h6>RECHTSWIRKSAMKEIT<\/h6>\n<p>Durch Nutzung dieser Webseiten unterliegt der Nutzer den gegenst\u00e4ndlichen Ben\u00fctzungsbedingungen. Diese sind Teil des WWW-Angebotes. Sofern Teile oder einzelne Formulierungen der Ben\u00fctzungsbedingungen der geltenden Rechtslage nicht, nicht mehr oder nicht vollst\u00e4ndig entsprechen sollten, bleiben die \u00fcbrigen Teile der Ben\u00fctzungsbedingungen in ihrem Inhalt und ihrer G\u00fcltigkeit davon unber\u00fchrt.<\/p>\n<h6>COOKIES<\/h6>\n<p>Unsere Website verwendet so genannte Cookies. Dabei handelt es sich um kleine Textdateien, die mit Hilfe des Browsers auf Ihrem Endger\u00e4t abgelegt werden. Sie richten keinen Schaden an. Wir nutzen Cookies dazu, unser Angebot nutzerfreundlich zu gestalten. Einige Cookies bleiben auf Ihrem Endger\u00e4t gespeichert, bis Sie diese l\u00f6schen. Sie erm\u00f6glichen es uns, Ihren Browser beim n\u00e4chsten Besuch wiederzuerkennen. Wenn Sie dies nicht w\u00fcnschen, so k\u00f6nnen Sie Ihren Browser so einrichten, dass er Sie \u00fcber das Setzen von Cookies informiert und Sie dies nur im Einzelfall erlauben. Bei der Deaktivierung von Cookies kann die Funktionalit\u00e4t unserer Website eingeschr\u00e4nkt sein.<\/p>\n<h6>WEB-ANALYSE<\/h6>\n<p>Diese Website benutzt Google Analytics, einen Webanalysedienst der Google Inc. (\u201eGoogle\u201c). Google Analytics verwendet sog. \u201eCookies\u201c, Textdateien, die auf Ihrem Computer gespeichert werden und die eine Analyse der Benutzung der Website durch Sie erm\u00f6glichen. Die durch den Cookie erzeugten Informationen \u00fcber Ihre Benutzung dieser Website werden in der Regel an einen Server von Google in den USA \u00fcbertragen und dort gespeichert. Im Falle der Aktivierung der IP-Anonymisierung auf dieser Webseite, wird Ihre IP-Adresse von Google jedoch innerhalb von Mitgliedstaaten der Europ\u00e4ischen Union oder in anderen Vertragsstaaten des Abkommens \u00fcber den Europ\u00e4ischen Wirtschaftsraum zuvor gek\u00fcrzt. Nur in Ausnahmef\u00e4llen wird die volle IP-Adresse an einen Server von Google in den USA \u00fcbertragen und dort gek\u00fcrzt. Im Auftrag des Betreibers dieser Website wird Google diese Informationen benutzen, um Ihre Nutzung der Website auszuwerten, um Reports \u00fcber die Websiteaktivit\u00e4ten zusammenzustellen und um weitere mit der Websitenutzung und der Internetnutzung verbundene Dienstleistungen gegen\u00fcber dem Websitebetreiber zu erbringen. Die im Rahmen von Google Analytics von Ihrem Browser \u00fcbermittelte IP-Adresse wird nicht mit anderen Daten von Google zusammengef\u00fchrt. Sie k\u00f6nnen die Speicherung der Cookies durch eine entsprechende Einstellung Ihrer Browser-Software verhindern; wir weisen Sie jedoch darauf hin, dass Sie in diesem Fall gegebenenfalls nicht s\u00e4mtliche Funktionen dieser Website vollumf\u00e4nglich werden nutzen k\u00f6nnen. Sie k\u00f6nnen dar\u00fcber hinaus die Erfassung der durch das Cookie erzeugten und auf Ihre Nutzung der Website bezogenen Daten (inkl. Ihrer IP-Adresse) an Google sowie die Verarbeitung dieser Daten durch Google verhindern, indem sie das unter dem folgenden Link (<a href=\"http:\/\/tools.google.com\/dlpage\/gaoptout?hl=de\" target=\"_blank\" rel=\"noopener\">http:\/\/tools.google.com\/dlpage\/gaoptout?hl=de<\/a>) verf\u00fcgbare Browser-Plugin herunterladen und installieren.<br \/>N\u00e4here Informationen zu Nutzungsbedingungen und Datenschutz finden Sie unter <a href=\"http:\/\/www.google.com\/analytics\/terms\/de.html\" target=\"_blank\" rel=\"noopener\">http:\/\/www.google.com\/analytics\/terms\/de.html<\/a>\u00a0. Wir weisen Sie darauf hin, dass auf dieser Webseite Google Analytics um den Code \u201egat._anonymizeIp();\u201c erweitert wurde, um eine anonymisierte Erfassung von IP-Adressen (sog. IP-Masking) zu gew\u00e4hrleisten.<\/p>\n<h6>GOOGLE MAPS<\/h6>\n<p>Diese Webseite verwendet Google Maps f\u00fcr die Darstellung von Karteninformationen. Bei der Nutzung von Google Maps werden von Google auch Daten \u00fcber die Nutzung der Maps-Funktionen durch Besucher der Webseiten erhoben, verarbeitet und genutzt. N\u00e4here Informationen \u00fcber die Datenverarbeitung durch Google k\u00f6nnen Sie den Datenschutzhinweisen von Google auf <a href=\"https:\/\/www.google.at\/intl\/de\/policies\/privacy\/\" target=\"_blank\" rel=\"noopener\">https:\/\/www.google.at\/intl\/de\/policies\/privacy\/<\/a> entnehmen. Dort k\u00f6nnen Sie im Datenschutzcenter auch Ihre Einstellungen ver\u00e4ndern, so dass Sie Ihre Daten verwalten und sch\u00fctzen k\u00f6nnen.<\/p>\n<h6>IHRE RECHTE<\/h6>\n<p>Ihnen stehen grunds\u00e4tzlich die Rechte auf Auskunft, Berichtigung, L\u00f6schung, Einschr\u00e4nkung, Daten\u00fcbertragbarkeit, Widerruf und Widerspruch zu. Wenn Sie glauben, dass die Verarbeitung Ihrer Daten gegen das Datenschutzrecht verst\u00f6\u00dft oder Ihre datenschutzrechtlichen Anspr\u00fcche sonst in einer Weise verletzt worden sind, k\u00f6nnen Sie sich bei der Aufsichtsbeh\u00f6rde beschweren. In \u00d6sterreich ist dies die Datenschutzbeh\u00f6rde.<br \/>Sie erreichen uns unter den oben stehenden Kontaktdaten.<\/p>\n\t\t\t\t\t\t\t\t<\/div>\n\t\t\t\t<\/div>\n\t\t\t\t\t<\/div>\n\t\t<\/div>\n\t\t\t\t\t<\/div>\n\t\t<\/section>\n\t\t\t\t<\/div>\n\t\t","protected":false},"excerpt":{"rendered":"<p>Impressum Die Bar Truth and Dare wird betrieben von: DKDM OGSch\u00f6nlaterngasse 4, 1010 Wien, \u00d6sterreichUID ATU74949719Kontakt: drink@truthanddare.bar Design &amp; Umsetzung: thesanmarco.com Datenschutz\u00aderkl\u00e4rung Der Schutz Ihrer pers\u00f6nlichen Daten ist uns ein besonderes Anliegen. Wir verarbeiten Ihre Daten daher ausschlie\u00dflich auf Grundlage der gesetzlichen Bestimmungen (DSGVO, TKG 2003). In diesen Datenschutzinformationen informieren wir Sie \u00fcber die wichtigsten [&hellip;]<\/p>\n","protected":false},"author":1,"featured_media":0,"parent":0,"menu_order":0,"comment_status":"closed","ping_status":"closed","template":"","meta":{"footnotes":""},"class_list":["post-3","page","type-page","status-publish","hentry"],"yoast_head":"<!-- This site is optimized with the Yoast SEO plugin v27.3 - https:\/\/yoast.com\/product\/yoast-seo-wordpress\/ -->\n<title>Impressum &amp; Datenschutz - TRUTH &amp; DARE<\/title>\n<meta name=\"robots\" content=\"index, follow, max-snippet:-1, max-image-preview:large, max-video-preview:-1\" \/>\n<link rel=\"canonical\" href=\"https:\/\/www.truthanddare.bar\/index.php\/privacy-policy\/\" \/>\n<meta property=\"og:locale\" content=\"de_DE\" \/>\n<meta property=\"og:type\" content=\"article\" \/>\n<meta property=\"og:title\" content=\"Impressum &amp; Datenschutz - TRUTH &amp; DARE\" \/>\n<meta property=\"og:description\" content=\"Impressum Die Bar Truth and Dare wird betrieben von: DKDM OGSch\u00f6nlaterngasse 4, 1010 Wien, \u00d6sterreichUID ATU74949719Kontakt: drink@truthanddare.bar Design &amp; Umsetzung: thesanmarco.com Datenschutz\u00aderkl\u00e4rung Der Schutz Ihrer pers\u00f6nlichen Daten ist uns ein besonderes Anliegen. Wir verarbeiten Ihre Daten daher ausschlie\u00dflich auf Grundlage der gesetzlichen Bestimmungen (DSGVO, TKG 2003). In diesen Datenschutzinformationen informieren wir Sie \u00fcber die wichtigsten [&hellip;]\" \/>\n<meta property=\"og:url\" content=\"https:\/\/www.truthanddare.bar\/index.php\/privacy-policy\/\" \/>\n<meta property=\"og:site_name\" content=\"TRUTH &amp; DARE\" \/>\n<meta property=\"article:modified_time\" content=\"2024-06-05T08:43:14+00:00\" \/>\n<meta property=\"og:image\" content=\"https:\/\/www.truthanddare.bar\/wp-content\/uploads\/2020\/02\/TAD-FB20.jpg\" \/>\n\t<meta property=\"og:image:width\" content=\"1200\" \/>\n\t<meta property=\"og:image:height\" content=\"630\" \/>\n\t<meta property=\"og:image:type\" content=\"image\/jpeg\" \/>\n<meta name=\"twitter:card\" content=\"summary_large_image\" \/>\n<meta name=\"twitter:label1\" content=\"Gesch\u00e4tzte Lesezeit\" \/>\n\t<meta name=\"twitter:data1\" content=\"6\u00a0Minuten\" \/>\n<script type=\"application\/ld+json\" class=\"yoast-schema-graph\">{\"@context\":\"https:\\\/\\\/schema.org\",\"@graph\":[{\"@type\":\"WebPage\",\"@id\":\"https:\\\/\\\/www.truthanddare.bar\\\/index.php\\\/privacy-policy\\\/\",\"url\":\"https:\\\/\\\/www.truthanddare.bar\\\/index.php\\\/privacy-policy\\\/\",\"name\":\"Impressum & Datenschutz - TRUTH &amp; DARE\",\"isPartOf\":{\"@id\":\"https:\\\/\\\/www.truthanddare.bar\\\/#website\"},\"datePublished\":\"2019-11-18T13:32:33+00:00\",\"dateModified\":\"2024-06-05T08:43:14+00:00\",\"breadcrumb\":{\"@id\":\"https:\\\/\\\/www.truthanddare.bar\\\/index.php\\\/privacy-policy\\\/#breadcrumb\"},\"inLanguage\":\"de\",\"potentialAction\":[{\"@type\":\"ReadAction\",\"target\":[\"https:\\\/\\\/www.truthanddare.bar\\\/index.php\\\/privacy-policy\\\/\"]}]},{\"@type\":\"BreadcrumbList\",\"@id\":\"https:\\\/\\\/www.truthanddare.bar\\\/index.php\\\/privacy-policy\\\/#breadcrumb\",\"itemListElement\":[{\"@type\":\"ListItem\",\"position\":1,\"name\":\"Startseite\",\"item\":\"https:\\\/\\\/www.truthanddare.bar\\\/\"},{\"@type\":\"ListItem\",\"position\":2,\"name\":\"Impressum &#038; Datenschutz\"}]},{\"@type\":\"WebSite\",\"@id\":\"https:\\\/\\\/www.truthanddare.bar\\\/#website\",\"url\":\"https:\\\/\\\/www.truthanddare.bar\\\/\",\"name\":\"TRUTH &amp; DARE\",\"description\":\"We dare you to drink.\",\"publisher\":{\"@id\":\"https:\\\/\\\/www.truthanddare.bar\\\/#organization\"},\"potentialAction\":[{\"@type\":\"SearchAction\",\"target\":{\"@type\":\"EntryPoint\",\"urlTemplate\":\"https:\\\/\\\/www.truthanddare.bar\\\/?s={search_term_string}\"},\"query-input\":{\"@type\":\"PropertyValueSpecification\",\"valueRequired\":true,\"valueName\":\"search_term_string\"}}],\"inLanguage\":\"de\"},{\"@type\":\"Organization\",\"@id\":\"https:\\\/\\\/www.truthanddare.bar\\\/#organization\",\"name\":\"TRUTH &amp; DARE\",\"url\":\"https:\\\/\\\/www.truthanddare.bar\\\/\",\"logo\":{\"@type\":\"ImageObject\",\"inLanguage\":\"de\",\"@id\":\"https:\\\/\\\/www.truthanddare.bar\\\/#\\\/schema\\\/logo\\\/image\\\/\",\"url\":\"https:\\\/\\\/www.truthanddare.bar\\\/wp-content\\\/uploads\\\/2019\\\/12\\\/cropped-tad-wordmark-WHT.png\",\"contentUrl\":\"https:\\\/\\\/www.truthanddare.bar\\\/wp-content\\\/uploads\\\/2019\\\/12\\\/cropped-tad-wordmark-WHT.png\",\"width\":2016,\"height\":728,\"caption\":\"TRUTH &amp; DARE\"},\"image\":{\"@id\":\"https:\\\/\\\/www.truthanddare.bar\\\/#\\\/schema\\\/logo\\\/image\\\/\"}}]}<\/script>\n<!-- \/ Yoast SEO plugin. -->","yoast_head_json":{"title":"Impressum & Datenschutz - TRUTH &amp; DARE","robots":{"index":"index","follow":"follow","max-snippet":"max-snippet:-1","max-image-preview":"max-image-preview:large","max-video-preview":"max-video-preview:-1"},"canonical":"https:\/\/www.truthanddare.bar\/index.php\/privacy-policy\/","og_locale":"de_DE","og_type":"article","og_title":"Impressum & Datenschutz - TRUTH &amp; DARE","og_description":"Impressum Die Bar Truth and Dare wird betrieben von: DKDM OGSch\u00f6nlaterngasse 4, 1010 Wien, \u00d6sterreichUID ATU74949719Kontakt: drink@truthanddare.bar Design &amp; Umsetzung: thesanmarco.com Datenschutz\u00aderkl\u00e4rung Der Schutz Ihrer pers\u00f6nlichen Daten ist uns ein besonderes Anliegen. Wir verarbeiten Ihre Daten daher ausschlie\u00dflich auf Grundlage der gesetzlichen Bestimmungen (DSGVO, TKG 2003). In diesen Datenschutzinformationen informieren wir Sie \u00fcber die wichtigsten [&hellip;]","og_url":"https:\/\/www.truthanddare.bar\/index.php\/privacy-policy\/","og_site_name":"TRUTH &amp; DARE","article_modified_time":"2024-06-05T08:43:14+00:00","og_image":[{"width":1200,"height":630,"url":"https:\/\/www.truthanddare.bar\/wp-content\/uploads\/2020\/02\/TAD-FB20.jpg","type":"image\/jpeg"}],"twitter_card":"summary_large_image","twitter_misc":{"Gesch\u00e4tzte Lesezeit":"6\u00a0Minuten"},"schema":{"@context":"https:\/\/schema.org","@graph":[{"@type":"WebPage","@id":"https:\/\/www.truthanddare.bar\/index.php\/privacy-policy\/","url":"https:\/\/www.truthanddare.bar\/index.php\/privacy-policy\/","name":"Impressum & Datenschutz - TRUTH &amp; DARE","isPartOf":{"@id":"https:\/\/www.truthanddare.bar\/#website"},"datePublished":"2019-11-18T13:32:33+00:00","dateModified":"2024-06-05T08:43:14+00:00","breadcrumb":{"@id":"https:\/\/www.truthanddare.bar\/index.php\/privacy-policy\/#breadcrumb"},"inLanguage":"de","potentialAction":[{"@type":"ReadAction","target":["https:\/\/www.truthanddare.bar\/index.php\/privacy-policy\/"]}]},{"@type":"BreadcrumbList","@id":"https:\/\/www.truthanddare.bar\/index.php\/privacy-policy\/#breadcrumb","itemListElement":[{"@type":"ListItem","position":1,"name":"Startseite","item":"https:\/\/www.truthanddare.bar\/"},{"@type":"ListItem","position":2,"name":"Impressum &#038; Datenschutz"}]},{"@type":"WebSite","@id":"https:\/\/www.truthanddare.bar\/#website","url":"https:\/\/www.truthanddare.bar\/","name":"TRUTH &amp; DARE","description":"We dare you to drink.","publisher":{"@id":"https:\/\/www.truthanddare.bar\/#organization"},"potentialAction":[{"@type":"SearchAction","target":{"@type":"EntryPoint","urlTemplate":"https:\/\/www.truthanddare.bar\/?s={search_term_string}"},"query-input":{"@type":"PropertyValueSpecification","valueRequired":true,"valueName":"search_term_string"}}],"inLanguage":"de"},{"@type":"Organization","@id":"https:\/\/www.truthanddare.bar\/#organization","name":"TRUTH &amp; DARE","url":"https:\/\/www.truthanddare.bar\/","logo":{"@type":"ImageObject","inLanguage":"de","@id":"https:\/\/www.truthanddare.bar\/#\/schema\/logo\/image\/","url":"https:\/\/www.truthanddare.bar\/wp-content\/uploads\/2019\/12\/cropped-tad-wordmark-WHT.png","contentUrl":"https:\/\/www.truthanddare.bar\/wp-content\/uploads\/2019\/12\/cropped-tad-wordmark-WHT.png","width":2016,"height":728,"caption":"TRUTH &amp; DARE"},"image":{"@id":"https:\/\/www.truthanddare.bar\/#\/schema\/logo\/image\/"}}]}},"_links":{"self":[{"href":"https:\/\/www.truthanddare.bar\/index.php\/wp-json\/wp\/v2\/pages\/3","targetHints":{"allow":["GET"]}}],"collection":[{"href":"https:\/\/www.truthanddare.bar\/index.php\/wp-json\/wp\/v2\/pages"}],"about":[{"href":"https:\/\/www.truthanddare.bar\/index.php\/wp-json\/wp\/v2\/types\/page"}],"author":[{"embeddable":true,"href":"https:\/\/www.truthanddare.bar\/index.php\/wp-json\/wp\/v2\/users\/1"}],"replies":[{"embeddable":true,"href":"https:\/\/www.truthanddare.bar\/index.php\/wp-json\/wp\/v2\/comments?post=3"}],"version-history":[{"count":14,"href":"https:\/\/www.truthanddare.bar\/index.php\/wp-json\/wp\/v2\/pages\/3\/revisions"}],"predecessor-version":[{"id":679,"href":"https:\/\/www.truthanddare.bar\/index.php\/wp-json\/wp\/v2\/pages\/3\/revisions\/679"}],"wp:attachment":[{"href":"https:\/\/www.truthanddare.bar\/index.php\/wp-json\/wp\/v2\/media?parent=3"}],"curies":[{"name":"wp","href":"https:\/\/api.w.org\/{rel}","templated":true}]}}